{"id":4154,"date":"2025-10-21T03:13:22","date_gmt":"2025-10-20T20:13:22","guid":{"rendered":"https:\/\/maisonducilthailand.com\/?page_id=4154"},"modified":"2025-10-21T03:24:29","modified_gmt":"2025-10-20T20:24:29","slug":"coming-soon","status":"publish","type":"page","link":"https:\/\/maisonducilthailand.com\/en\/coming-soon\/","title":{"rendered":"Coming soon"},"content":{"rendered":"<div data-elementor-type=\"wp-page\" data-elementor-id=\"4154\" class=\"elementor elementor-4154\" data-elementor-post-type=\"page\">\n\t\t\t\t<div class=\"elementor-element elementor-element-5e2a17a e-con-full e-flex e-con e-parent\" data-id=\"5e2a17a\" data-element_type=\"container\" data-e-type=\"container\">\n\t\t\t\t<div class=\"elementor-element elementor-element-0413e79 elementor-widget elementor-widget-html\" data-id=\"0413e79\" data-element_type=\"widget\" data-e-type=\"widget\" data-widget_type=\"html.default\">\n\t\t\t\t<div class=\"elementor-widget-container\">\n\t\t\t\t\t<!doctype html>\r\n<html lang=\"th\">\r\n<head>\r\n  <meta charset=\"utf-8\" \/>\r\n  <meta name=\"viewport\" content=\"width=device-width, initial-scale=1\" \/>\r\n  <title>Coming Soon \u2014 \u0e04\u0e2d\u0e23\u0e4c\u0e2a\u0e40\u0e23\u0e35\u0e22\u0e19\u0e43\u0e2b\u0e21\u0e48\u0e08\u0e32\u0e01 Maison du Cil<\/title>\r\n\r\n  <!-- SEO (f\u0103r\u0103 \u00eenscrieri\/CTA) -->\r\n  <meta name=\"description\" content=\"\u0e40\u0e15\u0e23\u0e35\u0e22\u0e21\u0e1e\u0e1a\u0e01\u0e31\u0e1a\u0e04\u0e2d\u0e23\u0e4c\u0e2a\u0e1e\u0e34\u0e40\u0e28\u0e29\u0e2a\u0e33\u0e2b\u0e23\u0e31\u0e1a\u0e0a\u0e48\u0e32\u0e07\u0e15\u0e48\u0e2d\u0e02\u0e19\u0e15\u0e32 \u0e23\u0e32\u0e22\u0e25\u0e30\u0e40\u0e2d\u0e35\u0e22\u0e14\u0e41\u0e25\u0e30\u0e27\u0e31\u0e19\u0e40\u0e1b\u0e34\u0e14\u0e04\u0e2d\u0e23\u0e4c\u0e2a\u0e08\u0e30\u0e1b\u0e23\u0e30\u0e01\u0e32\u0e28\u0e43\u0e2b\u0e49\u0e17\u0e23\u0e32\u0e1a\u0e40\u0e23\u0e47\u0e27 \u0e46 \u0e19\u0e35\u0e49 \u2014 Maison du Cil.\" \/>\r\n  <link rel=\"canonical\" href=\"https:\/\/example.com\/coming-soon\" \/>\r\n\r\n  <!-- Open Graph -->\r\n  <meta property=\"og:title\" content=\"Coming Soon \u2014 \u0e04\u0e2d\u0e23\u0e4c\u0e2a\u0e40\u0e23\u0e35\u0e22\u0e19\u0e43\u0e2b\u0e21\u0e48\u0e08\u0e32\u0e01 Maison du Cil\" \/>\r\n  <meta property=\"og:description\" content=\"\u0e40\u0e15\u0e23\u0e35\u0e22\u0e21\u0e1e\u0e1a\u0e01\u0e31\u0e1a\u0e04\u0e2d\u0e23\u0e4c\u0e2a\u0e1e\u0e34\u0e40\u0e28\u0e29\u0e2a\u0e33\u0e2b\u0e23\u0e31\u0e1a\u0e0a\u0e48\u0e32\u0e07\u0e15\u0e48\u0e2d\u0e02\u0e19\u0e15\u0e32 \u0e23\u0e32\u0e22\u0e25\u0e30\u0e40\u0e2d\u0e35\u0e22\u0e14\u0e41\u0e25\u0e30\u0e27\u0e31\u0e19\u0e40\u0e1b\u0e34\u0e14\u0e04\u0e2d\u0e23\u0e4c\u0e2a\u0e08\u0e30\u0e1b\u0e23\u0e30\u0e01\u0e32\u0e28\u0e40\u0e23\u0e47\u0e27 \u0e46 \u0e19\u0e35\u0e49\" \/>\r\n  <meta property=\"og:type\" content=\"website\" \/>\r\n  <meta property=\"og:url\" content=\"https:\/\/example.com\/coming-soon\" \/>\r\n  <meta property=\"og:image\" content=\"https:\/\/example.com\/og-coming-soon.jpg\" \/>\r\n\r\n  <!-- Font th -->\r\n  <link href=\"https:\/\/fonts.googleapis.com\/css2?family=Noto+Sans+Thai:wght@300;400;600;700&display=swap\" rel=\"stylesheet\">\r\n\r\n  <style>\r\n    :root{\r\n      --bg:#0e0f12;\r\n      --muted:#a9afbd;\r\n      --text:#f6f7fb;\r\n      --accent:#ffd26a;\r\n      --brand:#e9e3d5;\r\n      --shadow:0 10px 30px rgba(0,0,0,.35);\r\n    }\r\n    *{box-sizing:border-box}\r\n    html,body{height:100%}\r\n    body{\r\n      margin:0;\r\n      font-family:\"Noto Sans Thai\", system-ui, -apple-system, Segoe UI, Roboto, Arial, sans-serif;\r\n      background: radial-gradient(1000px 600px at 10% -10%, #1a1c22 0%, var(--bg) 60%) fixed,\r\n                  radial-gradient(1000px 600px at 110% 0%, #1a1c22 0%, var(--bg) 60%) fixed,\r\n                  var(--bg);\r\n      color:var(--text);\r\n      line-height:1.65;\r\n    }\r\n    .container{max-width:900px; margin:0 auto; padding:48px 20px 80px;}\r\n\r\n    \/* HERO *\/\r\n    .hero{ text-align:center; margin:20px auto 28px; }\r\n    .badge{\r\n      display:inline-flex; align-items:center; gap:10px;\r\n      padding:8px 14px; border-radius:999px;\r\n      background:linear-gradient(90deg, #2a2d36, #1b1d24);\r\n      color:var(--accent); font-weight:700; letter-spacing:.2px;\r\n      box-shadow:var(--shadow);\r\n    }\r\n    h1{\r\n      margin:16px 0 10px;\r\n      font-size:clamp(28px, 4.5vw, 44px);\r\n      line-height:1.18; font-weight:700;\r\n    }\r\n    .lead, .sublead{\r\n      color:var(--muted);\r\n      max-width:760px; margin:0 auto;\r\n      font-size:clamp(15px, 2.2vw, 18px);\r\n    }\r\n    .sublead{ margin-top:6px; }\r\n    .foot{\r\n      text-align:center; margin-top:46px; color:#8c93a5; font-size:13px;\r\n    }\r\n    .brand{ color:var(--brand); font-weight:700; }\r\n  <\/style>\r\n<\/head>\r\n\r\n<body>\r\n  <main class=\"container\">\r\n    <section class=\"hero\">\r\n      <div class=\"badge\">\u2728 Coming Soon \u2014 \u0e04\u0e2d\u0e23\u0e4c\u0e2a\u0e40\u0e23\u0e35\u0e22\u0e19\u0e43\u0e2b\u0e21\u0e48\u0e40\u0e23\u0e47\u0e27 \u0e46 \u0e19\u0e35\u0e49 \u2728<\/div>\r\n      <h1>\u0e04\u0e2d\u0e23\u0e4c\u0e2a\u0e1e\u0e34\u0e40\u0e28\u0e29\u0e2a\u0e33\u0e2b\u0e23\u0e31\u0e1a\u0e0a\u0e48\u0e32\u0e07\u0e15\u0e48\u0e2d\u0e02\u0e19\u0e15\u0e32 \u0e17\u0e35\u0e48\u0e2d\u0e22\u0e32\u0e01\u0e1e\u0e31\u0e12\u0e19\u0e32\u0e17\u0e31\u0e01\u0e29\u0e30\u0e41\u0e25\u0e30\u0e22\u0e01\u0e23\u0e30\u0e14\u0e31\u0e1a\u0e07\u0e32\u0e19\u0e43\u0e2b\u0e49\u0e40\u0e2b\u0e19\u0e37\u0e2d\u0e0a\u0e31\u0e49\u0e19<\/h1>\r\n      <p class=\"lead\">\u0e40\u0e15\u0e23\u0e35\u0e22\u0e21\u0e1e\u0e1a\u0e01\u0e31\u0e1a\u0e04\u0e2d\u0e23\u0e4c\u0e2a\u0e1e\u0e34\u0e40\u0e28\u0e29\u0e2a\u0e33\u0e2b\u0e23\u0e31\u0e1a\u0e0a\u0e48\u0e32\u0e07\u0e15\u0e48\u0e2d\u0e02\u0e19\u0e15\u0e32 \u0e17\u0e35\u0e48\u0e2d\u0e2d\u0e01\u0e41\u0e1a\u0e1a\u0e21\u0e32\u0e40\u0e1e\u0e37\u0e48\u0e2d\u0e22\u0e01\u0e23\u0e30\u0e14\u0e31\u0e1a\u0e17\u0e31\u0e01\u0e29\u0e30\u0e41\u0e25\u0e30\u0e1c\u0e25\u0e07\u0e32\u0e19\u0e02\u0e2d\u0e07\u0e04\u0e38\u0e13\u0e43\u0e2b\u0e49\u0e42\u0e14\u0e14\u0e40\u0e14\u0e48\u0e19\u0e22\u0e34\u0e48\u0e07\u0e02\u0e36\u0e49\u0e19<\/p>\r\n      <p class=\"sublead\">\u0e23\u0e32\u0e22\u0e25\u0e30\u0e40\u0e2d\u0e35\u0e22\u0e14\u0e40\u0e1e\u0e34\u0e48\u0e21\u0e40\u0e15\u0e34\u0e21\u0e41\u0e25\u0e30\u0e27\u0e31\u0e19\u0e40\u0e1b\u0e34\u0e14\u0e04\u0e2d\u0e23\u0e4c\u0e2a \u0e08\u0e30\u0e1b\u0e23\u0e30\u0e01\u0e32\u0e28\u0e43\u0e2b\u0e49\u0e17\u0e23\u0e32\u0e1a\u0e40\u0e23\u0e47\u0e27 \u0e46 \u0e19\u0e35\u0e49 \u0e42\u0e1b\u0e23\u0e14\u0e15\u0e34\u0e14\u0e15\u0e32\u0e21 \ud83c\udf3f<\/p>\r\n    <\/section>\r\n\r\n    <p class=\"foot\">\r\n      \u00a9 <span class=\"brand\">Maison du Cil<\/span> \u2014 \u0e02\u0e49\u0e2d\u0e21\u0e39\u0e25\u0e04\u0e2d\u0e23\u0e4c\u0e2a\u0e2d\u0e32\u0e08\u0e21\u0e35\u0e01\u0e32\u0e23\u0e40\u0e1b\u0e25\u0e35\u0e48\u0e22\u0e19\u0e41\u0e1b\u0e25\u0e07\u0e01\u0e48\u0e2d\u0e19\u0e27\u0e31\u0e19\u0e40\u0e1b\u0e34\u0e14\u0e15\u0e31\u0e27\u0e08\u0e23\u0e34\u0e07\r\n    <\/p>\r\n  <\/main>\r\n<\/body>\r\n<\/html>\r\n\t\t\t\t<\/div>\n\t\t\t\t<\/div>\n\t\t\t\t<\/div>\n\t\t\t\t<\/div>","protected":false},"excerpt":{"rendered":"<p>Coming Soon \u2014 \u0e04\u0e2d\u0e23\u0e4c\u0e2a\u0e40\u0e23\u0e35\u0e22\u0e19\u0e43\u0e2b\u0e21\u0e48\u0e08\u0e32\u0e01 Maison du Cil \u2728 Coming Soon \u2014 \u0e04\u0e2d\u0e23\u0e4c\u0e2a\u0e40\u0e23\u0e35\u0e22\u0e19\u0e43\u0e2b\u0e21\u0e48\u0e40\u0e23\u0e47\u0e27 \u0e46 \u0e19\u0e35\u0e49 \u2728 \u0e04\u0e2d\u0e23\u0e4c\u0e2a\u0e1e\u0e34\u0e40\u0e28\u0e29\u0e2a\u0e33\u0e2b\u0e23\u0e31\u0e1a\u0e0a\u0e48\u0e32\u0e07\u0e15\u0e48\u0e2d\u0e02\u0e19\u0e15\u0e32 \u0e17\u0e35\u0e48\u0e2d\u0e22\u0e32\u0e01\u0e1e\u0e31\u0e12\u0e19\u0e32\u0e17\u0e31\u0e01\u0e29\u0e30\u0e41\u0e25\u0e30\u0e22\u0e01\u0e23\u0e30\u0e14\u0e31\u0e1a\u0e07\u0e32\u0e19\u0e43\u0e2b\u0e49\u0e40\u0e2b\u0e19\u0e37\u0e2d\u0e0a\u0e31\u0e49\u0e19 \u0e40\u0e15\u0e23\u0e35\u0e22\u0e21\u0e1e\u0e1a\u0e01\u0e31\u0e1a\u0e04\u0e2d\u0e23\u0e4c\u0e2a\u0e1e\u0e34\u0e40\u0e28\u0e29\u0e2a\u0e33\u0e2b\u0e23\u0e31\u0e1a\u0e0a\u0e48\u0e32\u0e07\u0e15\u0e48\u0e2d\u0e02\u0e19\u0e15\u0e32 \u0e17\u0e35\u0e48\u0e2d\u0e2d\u0e01\u0e41\u0e1a\u0e1a\u0e21\u0e32\u0e40\u0e1e\u0e37\u0e48\u0e2d\u0e22\u0e01\u0e23\u0e30\u0e14\u0e31\u0e1a\u0e17\u0e31\u0e01\u0e29\u0e30\u0e41\u0e25\u0e30\u0e1c\u0e25\u0e07\u0e32\u0e19\u0e02\u0e2d\u0e07\u0e04\u0e38\u0e13\u0e43\u0e2b\u0e49\u0e42\u0e14\u0e14\u0e40\u0e14\u0e48\u0e19\u0e22\u0e34\u0e48\u0e07\u0e02\u0e36\u0e49\u0e19 \u0e23\u0e32\u0e22\u0e25\u0e30\u0e40\u0e2d\u0e35\u0e22\u0e14\u0e40\u0e1e\u0e34\u0e48\u0e21\u0e40\u0e15\u0e34\u0e21\u0e41\u0e25\u0e30\u0e27\u0e31\u0e19\u0e40\u0e1b\u0e34\u0e14\u0e04\u0e2d\u0e23\u0e4c\u0e2a [&hellip;]<\/p>\n","protected":false},"author":1,"featured_media":0,"parent":0,"menu_order":0,"comment_status":"closed","ping_status":"closed","template":"","meta":{"_acf_changed":false,"site-sidebar-layout":"no-sidebar","site-content-layout":"","ast-site-content-layout":"full-width-container","site-content-style":"default","site-sidebar-style":"default","ast-global-header-display":"","ast-banner-title-visibility":"","ast-main-header-display":"","ast-hfb-above-header-display":"","ast-hfb-below-header-display":"","ast-hfb-mobile-header-display":"","site-post-title":"disabled","ast-breadcrumbs-content":"","ast-featured-img":"disabled","footer-sml-layout":"","ast-disable-related-posts":"","theme-transparent-header-meta":"","adv-header-id-meta":"","stick-header-meta":"","header-above-stick-meta":"","header-main-stick-meta":"","header-below-stick-meta":"","astra-migrate-meta-layouts":"default","ast-page-background-enabled":"default","ast-page-background-meta":{"desktop":{"background-color":"var(--ast-global-color-5)","background-image":"","background-repeat":"repeat","background-position":"center center","background-size":"auto","background-attachment":"scroll","background-type":"","background-media":"","overlay-type":"","overlay-color":"","overlay-opacity":"","overlay-gradient":""},"tablet":{"background-color":"","background-image":"","background-repeat":"repeat","background-position":"center center","background-size":"auto","background-attachment":"scroll","background-type":"","background-media":"","overlay-type":"","overlay-color":"","overlay-opacity":"","overlay-gradient":""},"mobile":{"background-color":"","background-image":"","background-repeat":"repeat","background-position":"center center","background-size":"auto","background-attachment":"scroll","background-type":"","background-media":"","overlay-type":"","overlay-color":"","overlay-opacity":"","overlay-gradient":""}},"ast-content-background-meta":{"desktop":{"background-color":"var(--ast-global-color-4)","background-image":"","background-repeat":"repeat","background-position":"center center","background-size":"auto","background-attachment":"scroll","background-type":"","background-media":"","overlay-type":"","overlay-color":"","overlay-opacity":"","overlay-gradient":""},"tablet":{"background-color":"var(--ast-global-color-4)","background-image":"","background-repeat":"repeat","background-position":"center center","background-size":"auto","background-attachment":"scroll","background-type":"","background-media":"","overlay-type":"","overlay-color":"","overlay-opacity":"","overlay-gradient":""},"mobile":{"background-color":"var(--ast-global-color-4)","background-image":"","background-repeat":"repeat","background-position":"center center","background-size":"auto","background-attachment":"scroll","background-type":"","background-media":"","overlay-type":"","overlay-color":"","overlay-opacity":"","overlay-gradient":""}},"footnotes":""},"class_list":["post-4154","page","type-page","status-publish","hentry"],"acf":[],"yoast_head":"<!-- This site is optimized with the Yoast SEO plugin v27.4 - https:\/\/yoast.com\/product\/yoast-seo-wordpress\/ -->\n<title>Coming soon -<\/title>\n<meta name=\"robots\" content=\"index, follow, max-snippet:-1, max-image-preview:large, max-video-preview:-1\" \/>\n<link rel=\"canonical\" href=\"https:\/\/maisonducilthailand.com\/en\/coming-soon\/\" \/>\n<meta property=\"og:locale\" content=\"en_US\" \/>\n<meta property=\"og:type\" content=\"article\" \/>\n<meta property=\"og:title\" content=\"Coming soon -\" \/>\n<meta property=\"og:description\" content=\"Coming Soon \u2014 \u0e04\u0e2d\u0e23\u0e4c\u0e2a\u0e40\u0e23\u0e35\u0e22\u0e19\u0e43\u0e2b\u0e21\u0e48\u0e08\u0e32\u0e01 Maison du Cil \u2728 Coming Soon \u2014 \u0e04\u0e2d\u0e23\u0e4c\u0e2a\u0e40\u0e23\u0e35\u0e22\u0e19\u0e43\u0e2b\u0e21\u0e48\u0e40\u0e23\u0e47\u0e27 \u0e46 \u0e19\u0e35\u0e49 \u2728 \u0e04\u0e2d\u0e23\u0e4c\u0e2a\u0e1e\u0e34\u0e40\u0e28\u0e29\u0e2a\u0e33\u0e2b\u0e23\u0e31\u0e1a\u0e0a\u0e48\u0e32\u0e07\u0e15\u0e48\u0e2d\u0e02\u0e19\u0e15\u0e32 \u0e17\u0e35\u0e48\u0e2d\u0e22\u0e32\u0e01\u0e1e\u0e31\u0e12\u0e19\u0e32\u0e17\u0e31\u0e01\u0e29\u0e30\u0e41\u0e25\u0e30\u0e22\u0e01\u0e23\u0e30\u0e14\u0e31\u0e1a\u0e07\u0e32\u0e19\u0e43\u0e2b\u0e49\u0e40\u0e2b\u0e19\u0e37\u0e2d\u0e0a\u0e31\u0e49\u0e19 \u0e40\u0e15\u0e23\u0e35\u0e22\u0e21\u0e1e\u0e1a\u0e01\u0e31\u0e1a\u0e04\u0e2d\u0e23\u0e4c\u0e2a\u0e1e\u0e34\u0e40\u0e28\u0e29\u0e2a\u0e33\u0e2b\u0e23\u0e31\u0e1a\u0e0a\u0e48\u0e32\u0e07\u0e15\u0e48\u0e2d\u0e02\u0e19\u0e15\u0e32 \u0e17\u0e35\u0e48\u0e2d\u0e2d\u0e01\u0e41\u0e1a\u0e1a\u0e21\u0e32\u0e40\u0e1e\u0e37\u0e48\u0e2d\u0e22\u0e01\u0e23\u0e30\u0e14\u0e31\u0e1a\u0e17\u0e31\u0e01\u0e29\u0e30\u0e41\u0e25\u0e30\u0e1c\u0e25\u0e07\u0e32\u0e19\u0e02\u0e2d\u0e07\u0e04\u0e38\u0e13\u0e43\u0e2b\u0e49\u0e42\u0e14\u0e14\u0e40\u0e14\u0e48\u0e19\u0e22\u0e34\u0e48\u0e07\u0e02\u0e36\u0e49\u0e19 \u0e23\u0e32\u0e22\u0e25\u0e30\u0e40\u0e2d\u0e35\u0e22\u0e14\u0e40\u0e1e\u0e34\u0e48\u0e21\u0e40\u0e15\u0e34\u0e21\u0e41\u0e25\u0e30\u0e27\u0e31\u0e19\u0e40\u0e1b\u0e34\u0e14\u0e04\u0e2d\u0e23\u0e4c\u0e2a [&hellip;]\" \/>\n<meta property=\"og:url\" content=\"https:\/\/maisonducilthailand.com\/en\/coming-soon\/\" \/>\n<meta property=\"article:modified_time\" content=\"2025-10-20T20:24:29+00:00\" \/>\n<meta name=\"twitter:card\" content=\"summary_large_image\" \/>\n<meta name=\"twitter:label1\" content=\"Est. reading time\" \/>\n\t<meta name=\"twitter:data1\" content=\"1 minute\" \/>\n<script type=\"application\/ld+json\" class=\"yoast-schema-graph\">{\"@context\":\"https:\\\/\\\/schema.org\",\"@graph\":[{\"@type\":\"WebPage\",\"@id\":\"https:\\\/\\\/maisonducilthailand.com\\\/coming-soon\\\/\",\"url\":\"https:\\\/\\\/maisonducilthailand.com\\\/coming-soon\\\/\",\"name\":\"Coming soon -\",\"isPartOf\":{\"@id\":\"https:\\\/\\\/maisonducilthailand.com\\\/#website\"},\"datePublished\":\"2025-10-20T20:13:22+00:00\",\"dateModified\":\"2025-10-20T20:24:29+00:00\",\"breadcrumb\":{\"@id\":\"https:\\\/\\\/maisonducilthailand.com\\\/coming-soon\\\/#breadcrumb\"},\"inLanguage\":\"en-US\",\"potentialAction\":[{\"@type\":\"ReadAction\",\"target\":[\"https:\\\/\\\/maisonducilthailand.com\\\/coming-soon\\\/\"]}]},{\"@type\":\"BreadcrumbList\",\"@id\":\"https:\\\/\\\/maisonducilthailand.com\\\/coming-soon\\\/#breadcrumb\",\"itemListElement\":[{\"@type\":\"ListItem\",\"position\":1,\"name\":\"Home\",\"item\":\"https:\\\/\\\/maisonducilthailand.com\\\/\"},{\"@type\":\"ListItem\",\"position\":2,\"name\":\"Coming soon\"}]},{\"@type\":\"WebSite\",\"@id\":\"https:\\\/\\\/maisonducilthailand.com\\\/#website\",\"url\":\"https:\\\/\\\/maisonducilthailand.com\\\/\",\"name\":\"\",\"description\":\"\u0e04\u0e27\u0e32\u0e21\u0e07\u0e32\u0e21\u0e17\u0e35\u0e48\u0e44\u0e27\u0e49\u0e43\u0e08\u0e44\u0e14\u0e49 \u2013 \u0e1c\u0e25\u0e34\u0e15\u0e20\u0e31\u0e13\u0e11\u0e4c\u0e41\u0e25\u0e30\u0e01\u0e32\u0e23\u0e2a\u0e2d\u0e19\u0e08\u0e32\u0e01\u0e1c\u0e39\u0e49\u0e40\u0e0a\u0e35\u0e48\u0e22\u0e27\u0e0a\u0e32\u0e0d\",\"potentialAction\":[{\"@type\":\"SearchAction\",\"target\":{\"@type\":\"EntryPoint\",\"urlTemplate\":\"https:\\\/\\\/maisonducilthailand.com\\\/?s={search_term_string}\"},\"query-input\":{\"@type\":\"PropertyValueSpecification\",\"valueRequired\":true,\"valueName\":\"search_term_string\"}}],\"inLanguage\":\"en-US\"}]}<\/script>\n<!-- \/ Yoast SEO plugin. -->","yoast_head_json":{"title":"Coming soon -","robots":{"index":"index","follow":"follow","max-snippet":"max-snippet:-1","max-image-preview":"max-image-preview:large","max-video-preview":"max-video-preview:-1"},"canonical":"https:\/\/maisonducilthailand.com\/en\/coming-soon\/","og_locale":"en_US","og_type":"article","og_title":"Coming soon -","og_description":"Coming Soon \u2014 \u0e04\u0e2d\u0e23\u0e4c\u0e2a\u0e40\u0e23\u0e35\u0e22\u0e19\u0e43\u0e2b\u0e21\u0e48\u0e08\u0e32\u0e01 Maison du Cil \u2728 Coming Soon \u2014 \u0e04\u0e2d\u0e23\u0e4c\u0e2a\u0e40\u0e23\u0e35\u0e22\u0e19\u0e43\u0e2b\u0e21\u0e48\u0e40\u0e23\u0e47\u0e27 \u0e46 \u0e19\u0e35\u0e49 \u2728 \u0e04\u0e2d\u0e23\u0e4c\u0e2a\u0e1e\u0e34\u0e40\u0e28\u0e29\u0e2a\u0e33\u0e2b\u0e23\u0e31\u0e1a\u0e0a\u0e48\u0e32\u0e07\u0e15\u0e48\u0e2d\u0e02\u0e19\u0e15\u0e32 \u0e17\u0e35\u0e48\u0e2d\u0e22\u0e32\u0e01\u0e1e\u0e31\u0e12\u0e19\u0e32\u0e17\u0e31\u0e01\u0e29\u0e30\u0e41\u0e25\u0e30\u0e22\u0e01\u0e23\u0e30\u0e14\u0e31\u0e1a\u0e07\u0e32\u0e19\u0e43\u0e2b\u0e49\u0e40\u0e2b\u0e19\u0e37\u0e2d\u0e0a\u0e31\u0e49\u0e19 \u0e40\u0e15\u0e23\u0e35\u0e22\u0e21\u0e1e\u0e1a\u0e01\u0e31\u0e1a\u0e04\u0e2d\u0e23\u0e4c\u0e2a\u0e1e\u0e34\u0e40\u0e28\u0e29\u0e2a\u0e33\u0e2b\u0e23\u0e31\u0e1a\u0e0a\u0e48\u0e32\u0e07\u0e15\u0e48\u0e2d\u0e02\u0e19\u0e15\u0e32 \u0e17\u0e35\u0e48\u0e2d\u0e2d\u0e01\u0e41\u0e1a\u0e1a\u0e21\u0e32\u0e40\u0e1e\u0e37\u0e48\u0e2d\u0e22\u0e01\u0e23\u0e30\u0e14\u0e31\u0e1a\u0e17\u0e31\u0e01\u0e29\u0e30\u0e41\u0e25\u0e30\u0e1c\u0e25\u0e07\u0e32\u0e19\u0e02\u0e2d\u0e07\u0e04\u0e38\u0e13\u0e43\u0e2b\u0e49\u0e42\u0e14\u0e14\u0e40\u0e14\u0e48\u0e19\u0e22\u0e34\u0e48\u0e07\u0e02\u0e36\u0e49\u0e19 \u0e23\u0e32\u0e22\u0e25\u0e30\u0e40\u0e2d\u0e35\u0e22\u0e14\u0e40\u0e1e\u0e34\u0e48\u0e21\u0e40\u0e15\u0e34\u0e21\u0e41\u0e25\u0e30\u0e27\u0e31\u0e19\u0e40\u0e1b\u0e34\u0e14\u0e04\u0e2d\u0e23\u0e4c\u0e2a [&hellip;]","og_url":"https:\/\/maisonducilthailand.com\/en\/coming-soon\/","article_modified_time":"2025-10-20T20:24:29+00:00","twitter_card":"summary_large_image","twitter_misc":{"Est. reading time":"1 minute"},"schema":{"@context":"https:\/\/schema.org","@graph":[{"@type":"WebPage","@id":"https:\/\/maisonducilthailand.com\/coming-soon\/","url":"https:\/\/maisonducilthailand.com\/coming-soon\/","name":"Coming soon -","isPartOf":{"@id":"https:\/\/maisonducilthailand.com\/#website"},"datePublished":"2025-10-20T20:13:22+00:00","dateModified":"2025-10-20T20:24:29+00:00","breadcrumb":{"@id":"https:\/\/maisonducilthailand.com\/coming-soon\/#breadcrumb"},"inLanguage":"en-US","potentialAction":[{"@type":"ReadAction","target":["https:\/\/maisonducilthailand.com\/coming-soon\/"]}]},{"@type":"BreadcrumbList","@id":"https:\/\/maisonducilthailand.com\/coming-soon\/#breadcrumb","itemListElement":[{"@type":"ListItem","position":1,"name":"Home","item":"https:\/\/maisonducilthailand.com\/"},{"@type":"ListItem","position":2,"name":"Coming soon"}]},{"@type":"WebSite","@id":"https:\/\/maisonducilthailand.com\/#website","url":"https:\/\/maisonducilthailand.com\/","name":"","description":"\u0e04\u0e27\u0e32\u0e21\u0e07\u0e32\u0e21\u0e17\u0e35\u0e48\u0e44\u0e27\u0e49\u0e43\u0e08\u0e44\u0e14\u0e49 \u2013 \u0e1c\u0e25\u0e34\u0e15\u0e20\u0e31\u0e13\u0e11\u0e4c\u0e41\u0e25\u0e30\u0e01\u0e32\u0e23\u0e2a\u0e2d\u0e19\u0e08\u0e32\u0e01\u0e1c\u0e39\u0e49\u0e40\u0e0a\u0e35\u0e48\u0e22\u0e27\u0e0a\u0e32\u0e0d","potentialAction":[{"@type":"SearchAction","target":{"@type":"EntryPoint","urlTemplate":"https:\/\/maisonducilthailand.com\/?s={search_term_string}"},"query-input":{"@type":"PropertyValueSpecification","valueRequired":true,"valueName":"search_term_string"}}],"inLanguage":"en-US"}]}},"_links":{"self":[{"href":"https:\/\/maisonducilthailand.com\/en\/wp-json\/wp\/v2\/pages\/4154","targetHints":{"allow":["GET"]}}],"collection":[{"href":"https:\/\/maisonducilthailand.com\/en\/wp-json\/wp\/v2\/pages"}],"about":[{"href":"https:\/\/maisonducilthailand.com\/en\/wp-json\/wp\/v2\/types\/page"}],"author":[{"embeddable":true,"href":"https:\/\/maisonducilthailand.com\/en\/wp-json\/wp\/v2\/users\/1"}],"replies":[{"embeddable":true,"href":"https:\/\/maisonducilthailand.com\/en\/wp-json\/wp\/v2\/comments?post=4154"}],"version-history":[{"count":10,"href":"https:\/\/maisonducilthailand.com\/en\/wp-json\/wp\/v2\/pages\/4154\/revisions"}],"predecessor-version":[{"id":4165,"href":"https:\/\/maisonducilthailand.com\/en\/wp-json\/wp\/v2\/pages\/4154\/revisions\/4165"}],"wp:attachment":[{"href":"https:\/\/maisonducilthailand.com\/en\/wp-json\/wp\/v2\/media?parent=4154"}],"curies":[{"name":"wp","href":"https:\/\/api.w.org\/{rel}","templated":true}]}}